{"id":166,"date":"2019-11-19T15:40:00","date_gmt":"2019-11-19T14:40:00","guid":{"rendered":"http:\/\/www.salonanna.at\/site\/?page_id=166"},"modified":"2020-02-22T21:42:55","modified_gmt":"2020-02-22T20:42:55","slug":"haarentfernung","status":"publish","type":"page","link":"https:\/\/www.salonanna.at\/site\/haarentfernung\/","title":{"rendered":"Haarentfernung"},"content":{"rendered":"<p><a href=\"https:\/\/www.salonanna.at\/site\/haarentfernung\/ipl-haarentfernung\/\" rel=\"attachment wp-att-206\"><img loading=\"lazy\" decoding=\"async\" class=\"wp-image-206 alignright\" src=\"https:\/\/www.salonanna.at\/site\/wp-content\/uploads\/2020\/02\/IPL-Haarentfernung.jpg\" alt=\"\" width=\"292\" height=\"216\" srcset=\"https:\/\/www.salonanna.at\/site\/wp-content\/uploads\/2020\/02\/IPL-Haarentfernung.jpg 972w, https:\/\/www.salonanna.at\/site\/wp-content\/uploads\/2020\/02\/IPL-Haarentfernung-300x222.jpg 300w, https:\/\/www.salonanna.at\/site\/wp-content\/uploads\/2020\/02\/IPL-Haarentfernung-768x569.jpg 768w\" sizes=\"(max-width: 292px) 100vw, 292px\" \/><\/a>Sich von l\u00e4stigen Haaren dauerhaft zu entfernen, das ist das Sch\u00f6nheitsideal f\u00fcr viele Frauen. Aber auch immer mehr M\u00e4nner interessieren sich f\u00fcr eine wirkungsvolle L\u00f6sung.<\/p>\n<p>E-Swin, der Weltmarktf\u00fchrer bei Flashlampen aus Frankreich, revolutioniert mit seiner neuesten IPL-Technologie den Enthaarungs-Sektor. Dank der neuesten Flashlampen-Technologie von E-Swin besteht n\u00e4mlich nach der Behandlung keine Sonnenempfindlichkeit oder Gefahr der \u00dcberpigmentierung. Selbst gebr\u00e4unte Haut oder blonde Haare packt das medizinisch zertifizierte und mehrfach patentierte IPL-Ger\u00e4t an der Wurzel.<br \/>\nBereits nach den ersten Anwendungen kann sich der Endkunde \u00fcber deutlich glattere Haut freuen. 6 bis 8 Anwendungen alle 8 Wochen und bei Bedarf 1 bis 2 Nachbehandlungen pro Jahr garantieren eine dauerhaft glatte, haarfreie Haut.<\/p>\n<p>&nbsp;<\/p>\n","protected":false},"excerpt":{"rendered":"<p>Sich von l\u00e4stigen Haaren dauerhaft zu entfernen, das ist das Sch\u00f6nheitsideal f\u00fcr viele Frauen. Aber auch immer mehr M\u00e4nner interessieren &hellip; <\/p>\n<p><a href=\"https:\/\/www.salonanna.at\/site\/haarentfernung\/\" class=\"more-link\">Weiterlesen<\/a><\/p>\n","protected":false},"author":1,"featured_media":0,"parent":0,"menu_order":0,"comment_status":"closed","ping_status":"closed","template":"","meta":{"footnotes":""},"_links":{"self":[{"href":"https:\/\/www.salonanna.at\/site\/wp-json\/wp\/v2\/pages\/166"}],"collection":[{"href":"https:\/\/www.salonanna.at\/site\/wp-json\/wp\/v2\/pages"}],"about":[{"href":"https:\/\/www.salonanna.at\/site\/wp-json\/wp\/v2\/types\/page"}],"author":[{"embeddable":true,"href":"https:\/\/www.salonanna.at\/site\/wp-json\/wp\/v2\/users\/1"}],"replies":[{"embeddable":true,"href":"https:\/\/www.salonanna.at\/site\/wp-json\/wp\/v2\/comments?post=166"}],"version-history":[{"count":4,"href":"https:\/\/www.salonanna.at\/site\/wp-json\/wp\/v2\/pages\/166\/revisions"}],"predecessor-version":[{"id":208,"href":"https:\/\/www.salonanna.at\/site\/wp-json\/wp\/v2\/pages\/166\/revisions\/208"}],"wp:attachment":[{"href":"https:\/\/www.salonanna.at\/site\/wp-json\/wp\/v2\/media?parent=166"}],"curies":[{"name":"wp","href":"https:\/\/api.w.org\/{rel}","templated":true}]}}