{"id":165,"date":"2020-02-22T21:22:35","date_gmt":"2020-02-22T20:22:35","guid":{"rendered":"http:\/\/www.salonanna.at\/site\/?page_id=165"},"modified":"2020-02-22T22:36:45","modified_gmt":"2020-02-22T21:36:45","slug":"fusspflege-3","status":"publish","type":"page","link":"https:\/\/www.salonanna.at\/site\/fusspflege-3\/","title":{"rendered":"Fu\u00dfpflege"},"content":{"rendered":"<p><img loading=\"lazy\" decoding=\"async\" class=\"alignright\" src=\"https:\/\/d26oc3sg82pgk3.cloudfront.net\/files\/media\/edit\/image\/7622\/article_full%401x.jpg\" alt=\"Bildergebnis f\u00fcr foot model\" width=\"335\" height=\"191\" \/><\/p>\n<p><strong>Klassische Fu\u00dfpflege (auch f\u00fcr Diabetiker)<\/strong><br \/>\nFu\u00dfbad, Hornhautentfernung mit Skalpell, N\u00e4gel schneiden, Abschlusspflege<\/p>\n<hr \/>\n<p><strong>Spezielle Fu\u00dfpflege &#8211; wir befreien sie von ihren Schmerzen (auch f\u00fcr Diabetiker)<\/strong><br \/>\nFu\u00dfbad, Hornhautentfernung mit Skalpell, N\u00e4gel schneiden, Entfernen eingewachsener N\u00e4gel und H\u00fchneraugen, Abschlusspflege<strong><br \/>\n<\/strong><\/p>\n<hr \/>\n<p><strong>Fu\u00dfpflege Deluxe<\/strong><br \/>\nFu\u00dfbad, Hornhautentfernung mit Skalpell, N\u00e4gel schneiden, leichtes Peeling bis zu den Knien, 20 Min. Fu\u00dfmassage, Abschlusspflege<\/p>\n<hr \/>\n<p><strong>Fu\u00dfmassage<br \/>\n<\/strong>20 Min. Fu\u00dfmassage, f\u00fcr eine bessere Durchblutung der m\u00fcden F\u00fc\u00dfe und schweren Beine<strong><br \/>\n<\/strong><\/p>\n<hr \/>\n<p><strong>Shellack<\/strong><br \/>\nVerschiedene Farbauswahl, von klassisch bis French<\/p>\n<hr \/>\n<p><strong>BS &#8211; Nagelspange<\/strong><br \/>\nBei schmerzhaft eingewachsenen, deformierten oder eingerollten N\u00e4geln<\/p>\n<hr \/>\n<p><strong>Nagelprothetik<\/strong><br \/>\nAuch Fu\u00dfnagelkorrektur genannt &#8211; ein k\u00fcnstlicher Nagelersatz, mit dem man fehlende Nagelteile rekonstruieren kann.<\/p>\n<hr \/>\n<p>&nbsp;<\/p>\n","protected":false},"excerpt":{"rendered":"<p>Klassische Fu\u00dfpflege (auch f\u00fcr Diabetiker) Fu\u00dfbad, Hornhautentfernung mit Skalpell, N\u00e4gel schneiden, Abschlusspflege Spezielle Fu\u00dfpflege &#8211; wir befreien sie von ihren &hellip; <\/p>\n<p><a href=\"https:\/\/www.salonanna.at\/site\/fusspflege-3\/\" class=\"more-link\">Weiterlesen<\/a><\/p>\n","protected":false},"author":1,"featured_media":0,"parent":0,"menu_order":0,"comment_status":"closed","ping_status":"closed","template":"","meta":{"footnotes":""},"_links":{"self":[{"href":"https:\/\/www.salonanna.at\/site\/wp-json\/wp\/v2\/pages\/165"}],"collection":[{"href":"https:\/\/www.salonanna.at\/site\/wp-json\/wp\/v2\/pages"}],"about":[{"href":"https:\/\/www.salonanna.at\/site\/wp-json\/wp\/v2\/types\/page"}],"author":[{"embeddable":true,"href":"https:\/\/www.salonanna.at\/site\/wp-json\/wp\/v2\/users\/1"}],"replies":[{"embeddable":true,"href":"https:\/\/www.salonanna.at\/site\/wp-json\/wp\/v2\/comments?post=165"}],"version-history":[{"count":9,"href":"https:\/\/www.salonanna.at\/site\/wp-json\/wp\/v2\/pages\/165\/revisions"}],"predecessor-version":[{"id":241,"href":"https:\/\/www.salonanna.at\/site\/wp-json\/wp\/v2\/pages\/165\/revisions\/241"}],"wp:attachment":[{"href":"https:\/\/www.salonanna.at\/site\/wp-json\/wp\/v2\/media?parent=165"}],"curies":[{"name":"wp","href":"https:\/\/api.w.org\/{rel}","templated":true}]}}