{"id":100,"date":"2018-09-14T16:55:44","date_gmt":"2018-09-14T15:55:44","guid":{"rendered":"http:\/\/www.salonanna.at\/site\/?page_id=100"},"modified":"2020-02-22T21:12:50","modified_gmt":"2020-02-22T20:12:50","slug":"babor-professionelle-luxus-hautpflege","status":"publish","type":"page","link":"https:\/\/www.salonanna.at\/site\/babor-professionelle-luxus-hautpflege\/","title":{"rendered":"BABOR &#8211; Professionelle Luxus Hautpflege"},"content":{"rendered":"<h3>Behandlungen<\/h3>\n<p><strong>Kosmetische Behandlungen (ca. 90 Min)<\/strong><br \/>\nGrundbehandlung: Abreinigen, Peeling, Vapozon (Dampf), Ausreinigen des Gesichts, Ampulle (je nach Hauttyp), Massage, Bioptron, Maske, leichtes Tages Make-up<\/p>\n<hr \/>\n<p><strong>Spezialbehandlung Akne + Bioptron (ca. 60 Min)<br \/>\n<\/strong>Abreinigen, Peeling, Vapozon (Dampf), Ausreinigen des Gesichts, Ampulle (je nach Hauttyp), Bioptron, Maske, leichtes Tages Make-up\u00a0<strong><br \/>\n<\/strong><\/p>\n<hr \/>\n<p><strong>HSR Luxus Behandlung (ca. 120 Min)<\/strong><br \/>\nTiefenwirkende Antifaltenbehandlung &#8211; erleben Sie ihr pers\u00f6nliches Lifting neu<\/p>\n<hr \/>\n<p><strong>Reversive Anti Aging Behandlung (ca. 120 Min)<\/strong><br \/>\nEine speziell f\u00fcr Reversive konzipierte Rosenquarz-Massage, Rosend\u00fcrfte und zarte Texturen verw\u00f6hnen die Sinne &#8211; Heute sch\u00f6ner als gestern<\/p>\n<hr \/>\n<p><strong>SeaCreation Luxuri\u00f6se Anti Aging Behandlung (ca. 120 Min)<\/strong><br \/>\nAusgew\u00e4hlte Massagen sorgen f\u00fcr exklusive Verw\u00f6hn-Momente aus den tiefen des Meeres. Mit sichtbaren, verj\u00fcngenden Ergebnissen<\/p>\n<hr \/>\n<p><strong>Fruchts\u00e4urebehandlungen (ca. 90 Min)<\/strong><br \/>\nMaximale Hauterneuerung ohne Down-Time, mit strahlend frischer Haut, bereits nach der ersten Behandlung<\/p>\n<hr \/>\n<p><strong>Microdermabrasion + Ultraschall<\/strong><br \/>\nPowerpeeling &#8211; f\u00fcr einen sichtbar klaren und reinen Teint. Die Wirkung der die Hauterneuerung f\u00f6rdernden Microdermobrasion und des tiefenwirksamen Ultraschalls erg\u00e4nzen sich optimal und verst\u00e4rken einander &#8211; der revolution\u00e4re Boostereffekt f\u00fcr sichtbar zarte, glattere Haut.<\/p>\n<hr \/>\n<p><strong>Microneedling<\/strong><br \/>\nHyperpigmentierung, feine Linien und Aknenarben &#8211; f\u00fcr all das haben wir die L\u00f6sung: Von au\u00dfen zugef\u00fchrte N\u00e4hrstoffe wie Vitamine oder Hyalurons\u00e4ure unterst\u00fctzende Kollageninduktion. Das Ergebnis: Straffer &#8211; j\u00fcnger &#8211; sch\u00f6ner.<\/p>\n<hr \/>\n<p><strong>R\u00fcckenbehandlung mit Peeling und Dampf<\/strong><br \/>\nAbreinigen, Peeling, Vapozon (Dampf), Ausreinigen, Ampullen. Bioptron, Maske<\/p>\n<hr \/>\n<p><strong>Crash-Kur Behandlung<\/strong><br \/>\nErleben sie mit einer speziellen klopftechnischen, sanft eingearbeiteten und tiefenwirksamen Ampullenkur &#8211; ein perfekt durchfeuchtetes Hauterscheinungsbild<\/p>\n<p>&nbsp;<\/p>\n<h3>Eine dezente Produktauswahl, wir f\u00fchren s\u00e4mtliche Produkte von BABOR und Dr. BABOR<\/h3>\n<p><b>Cleansing<\/b><br \/>\nDie einzigartige, patentierte 2-Phasen Reinigung, bestehend aus hochwertigen \u00d6len und einem Kr\u00e4uterkomplex, je nach Hauttyp.<\/p>\n<p style=\"text-align: right;\"><a href=\"https:\/\/de.babor.com\/produkte\/cleansing\/srn.html\" target=\"_blank\" rel=\"noopener noreferrer\">Weitere Informationen<\/a><\/p>\n<hr size=\"1\" \/>\n<p><b>Fluids FP<\/b><br \/>\nNatur in h\u00f6chster Konzentration. Eine exquisite Komposition nat\u00fcrlicher, hochkonzentrierter Wirkstoffe versiegelt in einer gl\u00e4sernen Ampulle.<\/p>\n<p style=\"text-align: right;\"><a href=\"https:\/\/de.babor.com\/produkte\/fluids-fp\/srn.html\" target=\"_blank\" rel=\"noopener noreferrer\">Weitere Informationen<\/a><\/p>\n<hr size=\"1\" \/>\n<p><b>Essential Care<\/b><br \/>\nGesichtspflege f\u00fcr junge Haut<\/p>\n<p style=\"text-align: right;\"><a href=\"https:\/\/de.babor.com\/produkte\/essential-care\/srn.html\" target=\"_blank\" rel=\"noopener noreferrer\">Weitere Informationen<\/a><\/p>\n<hr size=\"1\" \/>\n<p><b>Skinovage PX<\/b><br \/>\nDie intelligente Premium Systempflege \u2013 perfekt abgestimmt auf Ihre Haut.<\/p>\n<p style=\"text-align: right;\"><a href=\"https:\/\/de.babor.com\/produkte\/skinovage-px\/srn.html\" target=\"_blank\" rel=\"noopener noreferrer\">Weitere Informationen<\/a><\/p>\n<hr size=\"1\" \/>\n<p><b>HSR<\/b><br \/>\nLifting und Anti-Aging auf h\u00f6chstem Niveau<\/p>\n<p style=\"text-align: right;\"><a href=\"https:\/\/de.babor.com\/produkte\/hsr\/srn.html\" target=\"_blank\" rel=\"noopener noreferrer\">Weitere Informationen<\/a><\/p>\n<hr size=\"1\" \/>\n<p><b>SeaCreation<\/b><br \/>\nIntelligenter, thermoaktiver Zellschutz<\/p>\n<p style=\"text-align: right;\"><a href=\"https:\/\/de.babor.com\/produkte\/seacreation\/srn.html\" target=\"_blank\" rel=\"noopener noreferrer\">Weitere Informationen<\/a><\/p>\n<hr size=\"1\" \/>\n<p><b>BABOR SPA<\/b><br \/>\nLuxuri\u00f6se K\u00f6rperpflegeserie<\/p>\n<p style=\"text-align: right;\"><a href=\"https:\/\/de.babor.com\/produkte\/babor-spa\/srn.html\" target=\"_blank\" rel=\"noopener noreferrer\">Weitere Informationen<\/a><\/p>\n<hr size=\"1\" \/>\n<h2><\/h2>\n","protected":false},"excerpt":{"rendered":"<p>Behandlungen Kosmetische Behandlungen (ca. 90 Min) Grundbehandlung: Abreinigen, Peeling, Vapozon (Dampf), Ausreinigen des Gesichts, Ampulle (je nach Hauttyp), Massage, Bioptron, &hellip; <\/p>\n<p><a href=\"https:\/\/www.salonanna.at\/site\/babor-professionelle-luxus-hautpflege\/\" class=\"more-link\">Weiterlesen<\/a><\/p>\n","protected":false},"author":1,"featured_media":97,"parent":0,"menu_order":0,"comment_status":"closed","ping_status":"closed","template":"","meta":{"footnotes":""},"_links":{"self":[{"href":"https:\/\/www.salonanna.at\/site\/wp-json\/wp\/v2\/pages\/100"}],"collection":[{"href":"https:\/\/www.salonanna.at\/site\/wp-json\/wp\/v2\/pages"}],"about":[{"href":"https:\/\/www.salonanna.at\/site\/wp-json\/wp\/v2\/types\/page"}],"author":[{"embeddable":true,"href":"https:\/\/www.salonanna.at\/site\/wp-json\/wp\/v2\/users\/1"}],"replies":[{"embeddable":true,"href":"https:\/\/www.salonanna.at\/site\/wp-json\/wp\/v2\/comments?post=100"}],"version-history":[{"count":13,"href":"https:\/\/www.salonanna.at\/site\/wp-json\/wp\/v2\/pages\/100\/revisions"}],"predecessor-version":[{"id":198,"href":"https:\/\/www.salonanna.at\/site\/wp-json\/wp\/v2\/pages\/100\/revisions\/198"}],"wp:featuredmedia":[{"embeddable":true,"href":"https:\/\/www.salonanna.at\/site\/wp-json\/wp\/v2\/media\/97"}],"wp:attachment":[{"href":"https:\/\/www.salonanna.at\/site\/wp-json\/wp\/v2\/media?parent=100"}],"curies":[{"name":"wp","href":"https:\/\/api.w.org\/{rel}","templated":true}]}}